{"id":2347,"date":"2020-03-31T07:41:11","date_gmt":"2020-03-31T07:41:11","guid":{"rendered":"https:\/\/alloggio.qodeinteractive.com\/?page_id=2347"},"modified":"2022-01-13T15:46:43","modified_gmt":"2022-01-13T14:46:43","slug":"uber-uns","status":"publish","type":"page","link":"https:\/\/panorama-kroev.de\/en\/uber-uns\/","title":{"rendered":"\u00dcber uns"},"content":{"rendered":"<div data-elementor-type=\"wp-page\" data-elementor-id=\"2347\" class=\"elementor elementor-2347\" data-elementor-post-type=\"page\">\n\t\t\t\t\t\t<section class=\"elementor-section elementor-top-section elementor-element elementor-element-cc757ec elementor-section-boxed elementor-section-height-default elementor-section-height-default qodef-elementor-content-no\" data-id=\"cc757ec\" data-element_type=\"section\" data-e-type=\"section\">\n\t\t\t\t\t\t<div class=\"elementor-container elementor-column-gap-default\">\n\t\t\t\t\t<div class=\"elementor-column elementor-col-100 elementor-top-column elementor-element elementor-element-acb4d81\" data-id=\"acb4d81\" data-element_type=\"column\" data-e-type=\"column\">\n\t\t\t<div class=\"elementor-widget-wrap elementor-element-populated\">\n\t\t\t\t\t\t<div class=\"elementor-element elementor-element-e697c10 elementor-widget elementor-widget-heading\" data-id=\"e697c10\" data-element_type=\"widget\" data-e-type=\"widget\" data-widget_type=\"heading.default\">\n\t\t\t\t<div class=\"elementor-widget-container\">\n\t\t\t\t\t<h3 class=\"elementor-heading-title elementor-size-default\">Unser Hotel<\/h3>\t\t\t\t<\/div>\n\t\t\t\t<\/div>\n\t\t\t\t<div class=\"elementor-element elementor-element-7d12546 elementor-widget elementor-widget-text-editor\" data-id=\"7d12546\" data-element_type=\"widget\" data-e-type=\"widget\" data-widget_type=\"text-editor.default\">\n\t\t\t\t<div class=\"elementor-widget-container\">\n\t\t\t\t\t\t\t\t\t<p>Heartfelt. hospitable. Family.<\/p><p>And with the best view of the Moselle.<\/p><p>Bereits beim Eintreten in unser liebevoll eingerichtetes Hotel versp\u00fcren Sie die herzliche, liebevolle Gastfreundlichkeit und die famili\u00e4re Atmosph\u00e4re, die Ihren Urlaub in unserem Hotel zu etwas ganz Besonderem machen.<\/p><p>F\u00fchlen Sie sich bei uns wie Zuhause!<\/p><p>Immer wieder werden Sie auf liebevolle Details sto\u00dfen, die Ihnen zeigen werden, dass es f\u00fcr uns ein besonderes Anliegen ist, Ihnen einen unvergesslichen und exklusiven Urlaub zu bereiten.<\/p>\t\t\t\t\t\t\t\t<\/div>\n\t\t\t\t<\/div>\n\t\t\t\t\t<\/div>\n\t\t<\/div>\n\t\t\t\t\t<\/div>\n\t\t<\/section>\n\t\t\t\t<\/div>","protected":false},"excerpt":{"rendered":"<p>Unser Hotel Herzlich. Gastfreundlich. Famili\u00e4r. Und mit bester Aussicht auf die Mosel. Bereits beim Eintreten in unser liebevoll eingerichtetes Hotel versp\u00fcren Sie die herzliche, liebevolle Gastfreundlichkeit und die famili\u00e4re Atmosph\u00e4re, die Ihren Urlaub in unserem Hotel zu etwas ganz Besonderem machen. F\u00fchlen Sie sich bei uns wie Zuhause! Immer wieder werden Sie auf liebevolle Details [&hellip;]<\/p>\n","protected":false},"author":2,"featured_media":0,"parent":0,"menu_order":0,"comment_status":"closed","ping_status":"closed","template":"","meta":{"footnotes":""},"class_list":["post-2347","page","type-page","status-publish","hentry"],"_links":{"self":[{"href":"https:\/\/panorama-kroev.de\/en\/wp-json\/wp\/v2\/pages\/2347","targetHints":{"allow":["GET"]}}],"collection":[{"href":"https:\/\/panorama-kroev.de\/en\/wp-json\/wp\/v2\/pages"}],"about":[{"href":"https:\/\/panorama-kroev.de\/en\/wp-json\/wp\/v2\/types\/page"}],"author":[{"embeddable":true,"href":"https:\/\/panorama-kroev.de\/en\/wp-json\/wp\/v2\/users\/2"}],"replies":[{"embeddable":true,"href":"https:\/\/panorama-kroev.de\/en\/wp-json\/wp\/v2\/comments?post=2347"}],"version-history":[{"count":0,"href":"https:\/\/panorama-kroev.de\/en\/wp-json\/wp\/v2\/pages\/2347\/revisions"}],"wp:attachment":[{"href":"https:\/\/panorama-kroev.de\/en\/wp-json\/wp\/v2\/media?parent=2347"}],"curies":[{"name":"wp","href":"https:\/\/api.w.org\/{rel}","templated":true}]}}