{"id":6713,"date":"2023-04-21T12:17:11","date_gmt":"2023-04-21T10:17:11","guid":{"rendered":"https:\/\/panorama-kroev.de\/?page_id=6713"},"modified":"2026-04-03T22:40:44","modified_gmt":"2026-04-03T20:40:44","slug":"restaurant","status":"publish","type":"page","link":"https:\/\/panorama-kroev.de\/en\/restaurant\/","title":{"rendered":"Restaurant"},"content":{"rendered":"<div data-elementor-type=\"wp-page\" data-elementor-id=\"6713\" class=\"elementor elementor-6713\" data-elementor-post-type=\"page\">\n\t\t\t\t\t\t<section class=\"elementor-section elementor-top-section elementor-element elementor-element-abf3951 elementor-section-boxed elementor-section-height-default elementor-section-height-default qodef-elementor-content-no\" data-id=\"abf3951\" data-element_type=\"section\" data-e-type=\"section\">\n\t\t\t\t\t\t<div class=\"elementor-container elementor-column-gap-default\">\n\t\t\t\t\t<div class=\"elementor-column elementor-col-100 elementor-top-column elementor-element elementor-element-b86935b\" data-id=\"b86935b\" data-element_type=\"column\" data-e-type=\"column\">\n\t\t\t<div class=\"elementor-widget-wrap elementor-element-populated\">\n\t\t\t\t\t\t<div class=\"elementor-element elementor-element-77324a2 elementor-shape-circle elementor-grid-0 e-grid-align-center elementor-widget elementor-widget-social-icons\" data-id=\"77324a2\" data-element_type=\"widget\" data-e-type=\"widget\" data-widget_type=\"social-icons.default\">\n\t\t\t\t<div class=\"elementor-widget-container\">\n\t\t\t\t\t\t\t<div class=\"elementor-social-icons-wrapper elementor-grid\" role=\"list\">\n\t\t\t\t\t\t\t<span class=\"elementor-grid-item\" role=\"listitem\">\n\t\t\t\t\t<a class=\"elementor-icon elementor-social-icon elementor-social-icon-facebook elementor-repeater-item-cf06962\" href=\"https:\/\/www.facebook.com\/beinikos.kroev\/\" target=\"_blank\">\n\t\t\t\t\t\t<span class=\"elementor-screen-only\">Facebook<\/span>\n\t\t\t\t\t\t<i aria-hidden=\"true\" class=\"fab fa-facebook\"><\/i>\t\t\t\t\t<\/a>\n\t\t\t\t<\/span>\n\t\t\t\t\t\t\t<span class=\"elementor-grid-item\" role=\"listitem\">\n\t\t\t\t\t<a class=\"elementor-icon elementor-social-icon elementor-social-icon-instagram elementor-repeater-item-d24eb3c\" href=\"https:\/\/www.instagram.com\/panorama.kroev\/\" target=\"_blank\">\n\t\t\t\t\t\t<span class=\"elementor-screen-only\">Instagram<\/span>\n\t\t\t\t\t\t<i aria-hidden=\"true\" class=\"fab fa-instagram\"><\/i>\t\t\t\t\t<\/a>\n\t\t\t\t<\/span>\n\t\t\t\t\t<\/div>\n\t\t\t\t\t\t<\/div>\n\t\t\t\t<\/div>\n\t\t\t\t<div class=\"elementor-element elementor-element-08d0652 elementor-widget elementor-widget-text-editor\" data-id=\"08d0652\" data-element_type=\"widget\" data-e-type=\"widget\" data-widget_type=\"text-editor.default\">\n\t\t\t\t<div class=\"elementor-widget-container\">\n\t\t\t\t\t\t\t\t\t<p style=\"background-color: #ffffff; line-height: 1.58824em; word-spacing: 2.4px;\" data-start=\"75\" data-end=\"103\"><strong><span style=\"word-spacing: 2.4px;\">Herzlich willkommen im Restaurant Panorama,<\/span><\/strong><\/p><p style=\"background-color: #ffffff; line-height: 1.58824em; word-spacing: 2.4px;\" data-start=\"75\" data-end=\"103\"><span style=\"letter-spacing: 0px; word-spacing: 0.1em;\">Unser Restaurant liegt direkt an der Promenade und verbindet mediterrane K\u00fcche\u00a0<\/span><span style=\"letter-spacing: 0px; word-spacing: 0.1em;\">mit ausgew\u00e4hlten Weinen.\u00a0<\/span><\/p><p style=\"background-color: #ffffff; line-height: 1.58824em; word-spacing: 2.4px;\" data-start=\"75\" data-end=\"103\"><span style=\"letter-spacing: 0px; word-spacing: 0.1em;\">Wir arbeiten mit frischen, saisonalen Zutaten und legen Wert auf eine klare, unkomplizierte Zubereitung.\u00a0<\/span><\/p><p style=\"background-color: #ffffff; line-height: 1.58824em; word-spacing: 2.4px;\" data-start=\"75\" data-end=\"103\"><span style=\"letter-spacing: 0px; word-spacing: 0.1em;\">\u00a0<\/span><\/p><p data-start=\"370\" data-end=\"694\">Neben Weinen mit Bezug zur Mosel finden Sie bei uns auch eine internationale Auswahl, unter anderem aus Griechenland. Ein besonderer Schwerpunkt liegt auf Weinen mit wenig Intervention\u00a0<span style=\"letter-spacing: 0px; word-spacing: 0.1em;\">\u2013\u00a0<\/span><span style=\"letter-spacing: 0px; word-spacing: 0.1em;\">sorgf\u00e4ltig vinifiziert,\u00a0<\/span><span style=\"letter-spacing: 0px; word-spacing: 0.1em;\">mit Charakter und klarem Bezug zu ihrer Herkunft.<\/span><\/p><p data-start=\"370\" data-end=\"694\"><span style=\"letter-spacing: 0px; word-spacing: 0.1em;\">\u00a0<\/span><\/p><p data-start=\"370\" data-end=\"694\"><span style=\"letter-spacing: 0px; word-spacing: 0.1em;\">Dar\u00fcber hinaus bieten wir Ihnen eine gro\u00dfe Auswahl von \u00fcber 25 offenen Weinen,\u00a0<\/span><span style=\"letter-spacing: 0px; word-spacing: 0.1em;\">sodass Sie die Vielfalt unseres Sortiments glasweise entdecken k\u00f6nnen.<\/span><span style=\"letter-spacing: 0px; word-spacing: 0.1em;\">\u00a0<\/span><span style=\"letter-spacing: 0px; word-spacing: 0.1em;\">Gerne d\u00fcrfen Sie auch Ihren eigenen Wein mitbringen \u2013 wir berechnen hierf\u00fcr ein Korkgeld von 10 \u20ac pro Flasche.<\/span><\/p><p data-start=\"370\" data-end=\"694\"><span style=\"letter-spacing: 0px; word-spacing: 0.1em;\">\u00a0<\/span><\/p><p><span style=\"letter-spacing: 0px; word-spacing: 0.1em;\">Ob zum Essen oder f\u00fcr ein Glas Wein auf der Terrasse mit Blick auf die Mosel \u2013 wir bieten einen Ort f\u00fcr entspannten Genuss, gute Gespr\u00e4che und eine angenehme Atmosph\u00e4re.<\/span><\/p><p><span style=\"letter-spacing: 0px; word-spacing: 0.1em;\">\u00a0<\/span><\/p><pre><span style=\"caret-color: #000000; color: #000000; font-size: medium; text-align: start; word-spacing: 0px; letter-spacing: 0px;\">F\u00fcr mehr Informationen und \u00d6ffnungszeiten klicken Sie auf das PDF-Symbol...<\/span><span style=\"caret-color: #000000; color: #000000; letter-spacing: 0px; text-align: start; word-spacing: 0px; background-color: #ffffff;\"><br \/><\/span><\/pre>\t\t\t\t\t\t\t\t<\/div>\n\t\t\t\t<\/div>\n\t\t\t\t\t<\/div>\n\t\t<\/div>\n\t\t\t\t\t<\/div>\n\t\t<\/section>\n\t\t\t\t<section class=\"elementor-section elementor-top-section elementor-element elementor-element-1188f9c elementor-section-boxed elementor-section-height-default elementor-section-height-default qodef-elementor-content-no\" data-id=\"1188f9c\" data-element_type=\"section\" data-e-type=\"section\">\n\t\t\t\t\t\t<div class=\"elementor-container elementor-column-gap-default\">\n\t\t\t\t\t<div class=\"elementor-column elementor-col-100 elementor-top-column elementor-element elementor-element-e906d7e\" data-id=\"e906d7e\" data-element_type=\"column\" data-e-type=\"column\">\n\t\t\t<div class=\"elementor-widget-wrap\">\n\t\t\t\t\t\t\t<\/div>\n\t\t<\/div>\n\t\t\t\t\t<\/div>\n\t\t<\/section>\n\t\t\t\t<section class=\"elementor-section elementor-top-section elementor-element elementor-element-96b13c7 elementor-section-boxed elementor-section-height-default elementor-section-height-default qodef-elementor-content-no\" data-id=\"96b13c7\" data-element_type=\"section\" data-e-type=\"section\">\n\t\t\t\t\t\t<div class=\"elementor-container elementor-column-gap-default\">\n\t\t\t\t\t<div class=\"elementor-column elementor-col-100 elementor-top-column elementor-element elementor-element-977a7d7\" data-id=\"977a7d7\" data-element_type=\"column\" data-e-type=\"column\">\n\t\t\t<div class=\"elementor-widget-wrap elementor-element-populated\">\n\t\t\t\t\t\t<div class=\"elementor-element elementor-element-c6967f1 elementor-widget elementor-widget-gallery\" data-id=\"c6967f1\" data-element_type=\"widget\" data-e-type=\"widget\" data-settings=\"{&quot;columns&quot;:7,&quot;gap&quot;:{&quot;unit&quot;:&quot;px&quot;,&quot;size&quot;:4,&quot;sizes&quot;:[]},&quot;columns_tablet&quot;:5,&quot;columns_mobile&quot;:4,&quot;lazyload&quot;:&quot;yes&quot;,&quot;gallery_layout&quot;:&quot;grid&quot;,&quot;gap_tablet&quot;:{&quot;unit&quot;:&quot;px&quot;,&quot;size&quot;:10,&quot;sizes&quot;:[]},&quot;gap_mobile&quot;:{&quot;unit&quot;:&quot;px&quot;,&quot;size&quot;:10,&quot;sizes&quot;:[]},&quot;link_to&quot;:&quot;file&quot;,&quot;aspect_ratio&quot;:&quot;3:2&quot;,&quot;overlay_background&quot;:&quot;yes&quot;,&quot;content_hover_animation&quot;:&quot;fade-in&quot;}\" data-widget_type=\"gallery.default\">\n\t\t\t\t<div class=\"elementor-widget-container\">\n\t\t\t\t\t\t\t<div class=\"elementor-gallery__container\">\n\t\t\t\t\t\t\t<a class=\"e-gallery-item elementor-gallery-item elementor-animated-content\" href=\"https:\/\/panorama-kroev.de\/wp-content\/uploads\/DSCF7607-scaled.jpeg\" data-elementor-open-lightbox=\"yes\" data-elementor-lightbox-slideshow=\"c6967f1\" data-elementor-lightbox-title=\"DSCF7607\" data-e-action-hash=\"#elementor-action%3Aaction%3Dlightbox%26settings%3DeyJpZCI6MTAxMTQsInVybCI6Imh0dHBzOlwvXC9wYW5vcmFtYS1rcm9ldi5kZVwvd3AtY29udGVudFwvdXBsb2Fkc1wvRFNDRjc2MDctc2NhbGVkLmpwZWciLCJzbGlkZXNob3ciOiJjNjk2N2YxIn0%3D\">\n\t\t\t\t\t<div class=\"e-gallery-image elementor-gallery-item__image\" data-thumbnail=\"https:\/\/panorama-kroev.de\/wp-content\/uploads\/DSCF7607-200x300.jpeg\" data-width=\"200\" data-height=\"300\" aria-label=\"\" role=\"img\" ><\/div>\n\t\t\t\t\t\t\t\t\t\t\t<div class=\"elementor-gallery-item__overlay\"><\/div>\n\t\t\t\t\t\t\t\t\t\t\t\t\t\t<\/a>\n\t\t\t\t\t\t\t<a class=\"e-gallery-item elementor-gallery-item elementor-animated-content\" href=\"https:\/\/panorama-kroev.de\/wp-content\/uploads\/DSCF7396-scaled.jpeg\" data-elementor-open-lightbox=\"yes\" data-elementor-lightbox-slideshow=\"c6967f1\" data-elementor-lightbox-title=\"DSCF7396\" data-e-action-hash=\"#elementor-action%3Aaction%3Dlightbox%26settings%3DeyJpZCI6MTAwMjksInVybCI6Imh0dHBzOlwvXC9wYW5vcmFtYS1rcm9ldi5kZVwvd3AtY29udGVudFwvdXBsb2Fkc1wvRFNDRjczOTYtc2NhbGVkLmpwZWciLCJzbGlkZXNob3ciOiJjNjk2N2YxIn0%3D\">\n\t\t\t\t\t<div class=\"e-gallery-image elementor-gallery-item__image\" data-thumbnail=\"https:\/\/panorama-kroev.de\/wp-content\/uploads\/DSCF7396-300x200.jpeg\" data-width=\"300\" data-height=\"200\" aria-label=\"\" role=\"img\" ><\/div>\n\t\t\t\t\t\t\t\t\t\t\t<div class=\"elementor-gallery-item__overlay\"><\/div>\n\t\t\t\t\t\t\t\t\t\t\t\t\t\t<\/a>\n\t\t\t\t\t\t\t<a class=\"e-gallery-item elementor-gallery-item elementor-animated-content\" href=\"https:\/\/panorama-kroev.de\/wp-content\/uploads\/DSCF3214-scaled.jpeg\" data-elementor-open-lightbox=\"yes\" data-elementor-lightbox-slideshow=\"c6967f1\" data-elementor-lightbox-title=\"DSCF3214\" data-e-action-hash=\"#elementor-action%3Aaction%3Dlightbox%26settings%3DeyJpZCI6MTAwMzcsInVybCI6Imh0dHBzOlwvXC9wYW5vcmFtYS1rcm9ldi5kZVwvd3AtY29udGVudFwvdXBsb2Fkc1wvRFNDRjMyMTQtc2NhbGVkLmpwZWciLCJzbGlkZXNob3ciOiJjNjk2N2YxIn0%3D\">\n\t\t\t\t\t<div class=\"e-gallery-image elementor-gallery-item__image\" data-thumbnail=\"https:\/\/panorama-kroev.de\/wp-content\/uploads\/DSCF3214-300x200.jpeg\" data-width=\"300\" data-height=\"200\" aria-label=\"\" role=\"img\" ><\/div>\n\t\t\t\t\t\t\t\t\t\t\t<div class=\"elementor-gallery-item__overlay\"><\/div>\n\t\t\t\t\t\t\t\t\t\t\t\t\t\t<\/a>\n\t\t\t\t\t\t\t<a class=\"e-gallery-item elementor-gallery-item elementor-animated-content\" href=\"https:\/\/panorama-kroev.de\/wp-content\/uploads\/DSCF3219-scaled.jpeg\" data-elementor-open-lightbox=\"yes\" data-elementor-lightbox-slideshow=\"c6967f1\" data-elementor-lightbox-title=\"DSCF3219\" data-e-action-hash=\"#elementor-action%3Aaction%3Dlightbox%26settings%3DeyJpZCI6MTAwMzgsInVybCI6Imh0dHBzOlwvXC9wYW5vcmFtYS1rcm9ldi5kZVwvd3AtY29udGVudFwvdXBsb2Fkc1wvRFNDRjMyMTktc2NhbGVkLmpwZWciLCJzbGlkZXNob3ciOiJjNjk2N2YxIn0%3D\">\n\t\t\t\t\t<div class=\"e-gallery-image elementor-gallery-item__image\" data-thumbnail=\"https:\/\/panorama-kroev.de\/wp-content\/uploads\/DSCF3219-300x200.jpeg\" data-width=\"300\" data-height=\"200\" aria-label=\"\" role=\"img\" ><\/div>\n\t\t\t\t\t\t\t\t\t\t\t<div class=\"elementor-gallery-item__overlay\"><\/div>\n\t\t\t\t\t\t\t\t\t\t\t\t\t\t<\/a>\n\t\t\t\t\t\t\t<a class=\"e-gallery-item elementor-gallery-item elementor-animated-content\" href=\"https:\/\/panorama-kroev.de\/wp-content\/uploads\/DSCF7668-scaled.jpeg\" data-elementor-open-lightbox=\"yes\" data-elementor-lightbox-slideshow=\"c6967f1\" data-elementor-lightbox-title=\"DSCF7668\" data-e-action-hash=\"#elementor-action%3Aaction%3Dlightbox%26settings%3DeyJpZCI6MTAxNzcsInVybCI6Imh0dHBzOlwvXC9wYW5vcmFtYS1rcm9ldi5kZVwvd3AtY29udGVudFwvdXBsb2Fkc1wvRFNDRjc2Njgtc2NhbGVkLmpwZWciLCJzbGlkZXNob3ciOiJjNjk2N2YxIn0%3D\">\n\t\t\t\t\t<div class=\"e-gallery-image elementor-gallery-item__image\" data-thumbnail=\"https:\/\/panorama-kroev.de\/wp-content\/uploads\/DSCF7668-300x200.jpeg\" data-width=\"300\" data-height=\"200\" aria-label=\"\" role=\"img\" ><\/div>\n\t\t\t\t\t\t\t\t\t\t\t<div class=\"elementor-gallery-item__overlay\"><\/div>\n\t\t\t\t\t\t\t\t\t\t\t\t\t\t<\/a>\n\t\t\t\t\t\t\t<a class=\"e-gallery-item elementor-gallery-item elementor-animated-content\" href=\"https:\/\/panorama-kroev.de\/wp-content\/uploads\/DSCF7476-scaled.jpeg\" data-elementor-open-lightbox=\"yes\" data-elementor-lightbox-slideshow=\"c6967f1\" data-elementor-lightbox-title=\"DSCF7476\" data-e-action-hash=\"#elementor-action%3Aaction%3Dlightbox%26settings%3DeyJpZCI6MTAxMTMsInVybCI6Imh0dHBzOlwvXC9wYW5vcmFtYS1rcm9ldi5kZVwvd3AtY29udGVudFwvdXBsb2Fkc1wvRFNDRjc0NzYtc2NhbGVkLmpwZWciLCJzbGlkZXNob3ciOiJjNjk2N2YxIn0%3D\">\n\t\t\t\t\t<div class=\"e-gallery-image elementor-gallery-item__image\" data-thumbnail=\"https:\/\/panorama-kroev.de\/wp-content\/uploads\/DSCF7476-300x200.jpeg\" data-width=\"300\" data-height=\"200\" aria-label=\"\" role=\"img\" ><\/div>\n\t\t\t\t\t\t\t\t\t\t\t<div class=\"elementor-gallery-item__overlay\"><\/div>\n\t\t\t\t\t\t\t\t\t\t\t\t\t\t<\/a>\n\t\t\t\t\t\t\t<a class=\"e-gallery-item elementor-gallery-item elementor-animated-content\" href=\"https:\/\/panorama-kroev.de\/wp-content\/uploads\/DSCF5063-scaled.jpeg\" data-elementor-open-lightbox=\"yes\" data-elementor-lightbox-slideshow=\"c6967f1\" data-elementor-lightbox-title=\"DSCF5063\" data-e-action-hash=\"#elementor-action%3Aaction%3Dlightbox%26settings%3DeyJpZCI6MTAwMzEsInVybCI6Imh0dHBzOlwvXC9wYW5vcmFtYS1rcm9ldi5kZVwvd3AtY29udGVudFwvdXBsb2Fkc1wvRFNDRjUwNjMtc2NhbGVkLmpwZWciLCJzbGlkZXNob3ciOiJjNjk2N2YxIn0%3D\">\n\t\t\t\t\t<div class=\"e-gallery-image elementor-gallery-item__image\" data-thumbnail=\"https:\/\/panorama-kroev.de\/wp-content\/uploads\/DSCF5063-169x300.jpeg\" data-width=\"169\" data-height=\"300\" aria-label=\"\" role=\"img\" ><\/div>\n\t\t\t\t\t\t\t\t\t\t\t<div class=\"elementor-gallery-item__overlay\"><\/div>\n\t\t\t\t\t\t\t\t\t\t\t\t\t\t<\/a>\n\t\t\t\t\t\t\t<a class=\"e-gallery-item elementor-gallery-item elementor-animated-content\" href=\"https:\/\/panorama-kroev.de\/wp-content\/uploads\/DSCF4505-2-scaled.jpeg\" data-elementor-open-lightbox=\"yes\" data-elementor-lightbox-slideshow=\"c6967f1\" data-elementor-lightbox-title=\"DSCF4505\" data-e-action-hash=\"#elementor-action%3Aaction%3Dlightbox%26settings%3DeyJpZCI6MTAxMDYsInVybCI6Imh0dHBzOlwvXC9wYW5vcmFtYS1rcm9ldi5kZVwvd3AtY29udGVudFwvdXBsb2Fkc1wvRFNDRjQ1MDUtMi1zY2FsZWQuanBlZyIsInNsaWRlc2hvdyI6ImM2OTY3ZjEifQ%3D%3D\">\n\t\t\t\t\t<div class=\"e-gallery-image elementor-gallery-item__image\" data-thumbnail=\"https:\/\/panorama-kroev.de\/wp-content\/uploads\/DSCF4505-2-169x300.jpeg\" data-width=\"169\" data-height=\"300\" aria-label=\"\" role=\"img\" ><\/div>\n\t\t\t\t\t\t\t\t\t\t\t<div class=\"elementor-gallery-item__overlay\"><\/div>\n\t\t\t\t\t\t\t\t\t\t\t\t\t\t<\/a>\n\t\t\t\t\t\t\t<a class=\"e-gallery-item elementor-gallery-item elementor-animated-content\" href=\"https:\/\/panorama-kroev.de\/wp-content\/uploads\/DSCF4304-scaled.jpeg\" data-elementor-open-lightbox=\"yes\" data-elementor-lightbox-slideshow=\"c6967f1\" data-elementor-lightbox-title=\"DSCF4304\" data-e-action-hash=\"#elementor-action%3Aaction%3Dlightbox%26settings%3DeyJpZCI6MTAwMzQsInVybCI6Imh0dHBzOlwvXC9wYW5vcmFtYS1rcm9ldi5kZVwvd3AtY29udGVudFwvdXBsb2Fkc1wvRFNDRjQzMDQtc2NhbGVkLmpwZWciLCJzbGlkZXNob3ciOiJjNjk2N2YxIn0%3D\">\n\t\t\t\t\t<div class=\"e-gallery-image elementor-gallery-item__image\" data-thumbnail=\"https:\/\/panorama-kroev.de\/wp-content\/uploads\/DSCF4304-169x300.jpeg\" data-width=\"169\" data-height=\"300\" aria-label=\"\" role=\"img\" ><\/div>\n\t\t\t\t\t\t\t\t\t\t\t<div class=\"elementor-gallery-item__overlay\"><\/div>\n\t\t\t\t\t\t\t\t\t\t\t\t\t\t<\/a>\n\t\t\t\t\t\t\t<a class=\"e-gallery-item elementor-gallery-item elementor-animated-content\" href=\"https:\/\/panorama-kroev.de\/wp-content\/uploads\/DSCF7587.jpeg\" data-elementor-open-lightbox=\"yes\" data-elementor-lightbox-slideshow=\"c6967f1\" data-elementor-lightbox-title=\"DSCF7587\" data-e-action-hash=\"#elementor-action%3Aaction%3Dlightbox%26settings%3DeyJpZCI6MTAxMTgsInVybCI6Imh0dHBzOlwvXC9wYW5vcmFtYS1rcm9ldi5kZVwvd3AtY29udGVudFwvdXBsb2Fkc1wvRFNDRjc1ODcuanBlZyIsInNsaWRlc2hvdyI6ImM2OTY3ZjEifQ%3D%3D\">\n\t\t\t\t\t<div class=\"e-gallery-image elementor-gallery-item__image\" data-thumbnail=\"https:\/\/panorama-kroev.de\/wp-content\/uploads\/DSCF7587-169x300.jpeg\" data-width=\"169\" data-height=\"300\" aria-label=\"\" role=\"img\" ><\/div>\n\t\t\t\t\t\t\t\t\t\t\t<div class=\"elementor-gallery-item__overlay\"><\/div>\n\t\t\t\t\t\t\t\t\t\t\t\t\t\t<\/a>\n\t\t\t\t\t\t\t<a class=\"e-gallery-item elementor-gallery-item elementor-animated-content\" href=\"https:\/\/panorama-kroev.de\/wp-content\/uploads\/DSCF3226-1-scaled.jpeg\" data-elementor-open-lightbox=\"yes\" data-elementor-lightbox-slideshow=\"c6967f1\" data-elementor-lightbox-title=\"DSCF3226\" data-e-action-hash=\"#elementor-action%3Aaction%3Dlightbox%26settings%3DeyJpZCI6MTAxMDgsInVybCI6Imh0dHBzOlwvXC9wYW5vcmFtYS1rcm9ldi5kZVwvd3AtY29udGVudFwvdXBsb2Fkc1wvRFNDRjMyMjYtMS1zY2FsZWQuanBlZyIsInNsaWRlc2hvdyI6ImM2OTY3ZjEifQ%3D%3D\">\n\t\t\t\t\t<div class=\"e-gallery-image elementor-gallery-item__image\" data-thumbnail=\"https:\/\/panorama-kroev.de\/wp-content\/uploads\/DSCF3226-1-300x200.jpeg\" data-width=\"300\" data-height=\"200\" aria-label=\"\" role=\"img\" ><\/div>\n\t\t\t\t\t\t\t\t\t\t\t<div class=\"elementor-gallery-item__overlay\"><\/div>\n\t\t\t\t\t\t\t\t\t\t\t\t\t\t<\/a>\n\t\t\t\t\t\t\t<a class=\"e-gallery-item elementor-gallery-item elementor-animated-content\" href=\"https:\/\/panorama-kroev.de\/wp-content\/uploads\/DSCF7563-scaled.jpeg\" data-elementor-open-lightbox=\"yes\" data-elementor-lightbox-slideshow=\"c6967f1\" data-elementor-lightbox-title=\"DSCF7563\" data-e-action-hash=\"#elementor-action%3Aaction%3Dlightbox%26settings%3DeyJpZCI6MTAxMTYsInVybCI6Imh0dHBzOlwvXC9wYW5vcmFtYS1rcm9ldi5kZVwvd3AtY29udGVudFwvdXBsb2Fkc1wvRFNDRjc1NjMtc2NhbGVkLmpwZWciLCJzbGlkZXNob3ciOiJjNjk2N2YxIn0%3D\">\n\t\t\t\t\t<div class=\"e-gallery-image elementor-gallery-item__image\" data-thumbnail=\"https:\/\/panorama-kroev.de\/wp-content\/uploads\/DSCF7563-200x300.jpeg\" data-width=\"200\" data-height=\"300\" aria-label=\"\" role=\"img\" ><\/div>\n\t\t\t\t\t\t\t\t\t\t\t<div class=\"elementor-gallery-item__overlay\"><\/div>\n\t\t\t\t\t\t\t\t\t\t\t\t\t\t<\/a>\n\t\t\t\t\t\t\t<a class=\"e-gallery-item elementor-gallery-item elementor-animated-content\" href=\"https:\/\/panorama-kroev.de\/wp-content\/uploads\/DSCF7571-scaled.jpeg\" data-elementor-open-lightbox=\"yes\" data-elementor-lightbox-slideshow=\"c6967f1\" data-elementor-lightbox-title=\"DSCF7571\" data-e-action-hash=\"#elementor-action%3Aaction%3Dlightbox%26settings%3DeyJpZCI6MTAxMTUsInVybCI6Imh0dHBzOlwvXC9wYW5vcmFtYS1rcm9ldi5kZVwvd3AtY29udGVudFwvdXBsb2Fkc1wvRFNDRjc1NzEtc2NhbGVkLmpwZWciLCJzbGlkZXNob3ciOiJjNjk2N2YxIn0%3D\">\n\t\t\t\t\t<div class=\"e-gallery-image elementor-gallery-item__image\" data-thumbnail=\"https:\/\/panorama-kroev.de\/wp-content\/uploads\/DSCF7571-200x300.jpeg\" data-width=\"200\" data-height=\"300\" aria-label=\"\" role=\"img\" ><\/div>\n\t\t\t\t\t\t\t\t\t\t\t<div class=\"elementor-gallery-item__overlay\"><\/div>\n\t\t\t\t\t\t\t\t\t\t\t\t\t\t<\/a>\n\t\t\t\t\t\t\t<a class=\"e-gallery-item elementor-gallery-item elementor-animated-content\" href=\"https:\/\/panorama-kroev.de\/wp-content\/uploads\/DSCF4999-scaled.jpeg\" data-elementor-open-lightbox=\"yes\" data-elementor-lightbox-slideshow=\"c6967f1\" data-elementor-lightbox-title=\"DSCF4999\" data-e-action-hash=\"#elementor-action%3Aaction%3Dlightbox%26settings%3DeyJpZCI6MTAwMzIsInVybCI6Imh0dHBzOlwvXC9wYW5vcmFtYS1rcm9ldi5kZVwvd3AtY29udGVudFwvdXBsb2Fkc1wvRFNDRjQ5OTktc2NhbGVkLmpwZWciLCJzbGlkZXNob3ciOiJjNjk2N2YxIn0%3D\">\n\t\t\t\t\t<div class=\"e-gallery-image elementor-gallery-item__image\" data-thumbnail=\"https:\/\/panorama-kroev.de\/wp-content\/uploads\/DSCF4999-200x300.jpeg\" data-width=\"200\" data-height=\"300\" aria-label=\"\" role=\"img\" ><\/div>\n\t\t\t\t\t\t\t\t\t\t\t<div class=\"elementor-gallery-item__overlay\"><\/div>\n\t\t\t\t\t\t\t\t\t\t\t\t\t\t<\/a>\n\t\t\t\t\t\t\t<a class=\"e-gallery-item elementor-gallery-item elementor-animated-content\" href=\"https:\/\/panorama-kroev.de\/wp-content\/uploads\/DSCF5443-scaled.jpeg\" data-elementor-open-lightbox=\"yes\" data-elementor-lightbox-slideshow=\"c6967f1\" data-elementor-lightbox-title=\"DSCF5443\" data-e-action-hash=\"#elementor-action%3Aaction%3Dlightbox%26settings%3DeyJpZCI6MTAxMDksInVybCI6Imh0dHBzOlwvXC9wYW5vcmFtYS1rcm9ldi5kZVwvd3AtY29udGVudFwvdXBsb2Fkc1wvRFNDRjU0NDMtc2NhbGVkLmpwZWciLCJzbGlkZXNob3ciOiJjNjk2N2YxIn0%3D\">\n\t\t\t\t\t<div class=\"e-gallery-image elementor-gallery-item__image\" data-thumbnail=\"https:\/\/panorama-kroev.de\/wp-content\/uploads\/DSCF5443-200x300.jpeg\" data-width=\"200\" data-height=\"300\" aria-label=\"\" role=\"img\" ><\/div>\n\t\t\t\t\t\t\t\t\t\t\t<div class=\"elementor-gallery-item__overlay\"><\/div>\n\t\t\t\t\t\t\t\t\t\t\t\t\t\t<\/a>\n\t\t\t\t\t\t\t<a class=\"e-gallery-item elementor-gallery-item elementor-animated-content\" href=\"https:\/\/panorama-kroev.de\/wp-content\/uploads\/DSCF5462-scaled.jpeg\" data-elementor-open-lightbox=\"yes\" data-elementor-lightbox-slideshow=\"c6967f1\" data-elementor-lightbox-title=\"DSCF5462\" data-e-action-hash=\"#elementor-action%3Aaction%3Dlightbox%26settings%3DeyJpZCI6MTAxMTAsInVybCI6Imh0dHBzOlwvXC9wYW5vcmFtYS1rcm9ldi5kZVwvd3AtY29udGVudFwvdXBsb2Fkc1wvRFNDRjU0NjItc2NhbGVkLmpwZWciLCJzbGlkZXNob3ciOiJjNjk2N2YxIn0%3D\">\n\t\t\t\t\t<div class=\"e-gallery-image elementor-gallery-item__image\" data-thumbnail=\"https:\/\/panorama-kroev.de\/wp-content\/uploads\/DSCF5462-200x300.jpeg\" data-width=\"200\" data-height=\"300\" aria-label=\"\" role=\"img\" ><\/div>\n\t\t\t\t\t\t\t\t\t\t\t<div class=\"elementor-gallery-item__overlay\"><\/div>\n\t\t\t\t\t\t\t\t\t\t\t\t\t\t<\/a>\n\t\t\t\t\t<\/div>\n\t\t\t\t\t<\/div>\n\t\t\t\t<\/div>\n\t\t\t\t<div class=\"elementor-element elementor-element-ff160ee elementor-view-default elementor-widget elementor-widget-icon\" data-id=\"ff160ee\" data-element_type=\"widget\" data-e-type=\"widget\" data-widget_type=\"icon.default\">\n\t\t\t\t<div class=\"elementor-widget-container\">\n\t\t\t\t\t\t\t<div class=\"elementor-icon-wrapper\">\n\t\t\t<a class=\"elementor-icon\" href=\"https:\/\/linktr.ee\/Fam.Aslanidis\">\n\t\t\t<i aria-hidden=\"true\" class=\"fas fa-file-pdf\"><\/i>\t\t\t<\/a>\n\t\t<\/div>\n\t\t\t\t\t\t<\/div>\n\t\t\t\t<\/div>\n\t\t\t\t\t<\/div>\n\t\t<\/div>\n\t\t\t\t\t<\/div>\n\t\t<\/section>\n\t\t\t\t<section class=\"elementor-section elementor-top-section elementor-element elementor-element-4a08147 elementor-section-boxed elementor-section-height-default elementor-section-height-default qodef-elementor-content-no\" data-id=\"4a08147\" data-element_type=\"section\" data-e-type=\"section\">\n\t\t\t\t\t\t<div class=\"elementor-container elementor-column-gap-default\">\n\t\t\t\t\t<div class=\"elementor-column elementor-col-100 elementor-top-column elementor-element elementor-element-fe72925\" data-id=\"fe72925\" data-element_type=\"column\" data-e-type=\"column\">\n\t\t\t<div class=\"elementor-widget-wrap\">\n\t\t\t\t\t\t\t<\/div>\n\t\t<\/div>\n\t\t\t\t\t<\/div>\n\t\t<\/section>\n\t\t\t\t<\/div>","protected":false},"excerpt":{"rendered":"<p>Facebook Instagram Herzlich willkommen im Restaurant Panorama, Unser Restaurant liegt direkt an der Promenade und verbindet mediterrane K\u00fcche\u00a0mit ausgew\u00e4hlten Weinen.\u00a0 Wir arbeiten mit frischen, saisonalen Zutaten und legen Wert auf eine klare, unkomplizierte Zubereitung.\u00a0 \u00a0 Neben Weinen mit Bezug zur Mosel finden Sie bei uns auch eine internationale Auswahl, unter anderem aus Griechenland. Ein besonderer [&hellip;]<\/p>\n","protected":false},"author":6,"featured_media":0,"parent":0,"menu_order":0,"comment_status":"closed","ping_status":"closed","template":"","meta":{"footnotes":""},"class_list":["post-6713","page","type-page","status-publish","hentry"],"_links":{"self":[{"href":"https:\/\/panorama-kroev.de\/en\/wp-json\/wp\/v2\/pages\/6713","targetHints":{"allow":["GET"]}}],"collection":[{"href":"https:\/\/panorama-kroev.de\/en\/wp-json\/wp\/v2\/pages"}],"about":[{"href":"https:\/\/panorama-kroev.de\/en\/wp-json\/wp\/v2\/types\/page"}],"author":[{"embeddable":true,"href":"https:\/\/panorama-kroev.de\/en\/wp-json\/wp\/v2\/users\/6"}],"replies":[{"embeddable":true,"href":"https:\/\/panorama-kroev.de\/en\/wp-json\/wp\/v2\/comments?post=6713"}],"version-history":[{"count":153,"href":"https:\/\/panorama-kroev.de\/en\/wp-json\/wp\/v2\/pages\/6713\/revisions"}],"predecessor-version":[{"id":10189,"href":"https:\/\/panorama-kroev.de\/en\/wp-json\/wp\/v2\/pages\/6713\/revisions\/10189"}],"wp:attachment":[{"href":"https:\/\/panorama-kroev.de\/en\/wp-json\/wp\/v2\/media?parent=6713"}],"curies":[{"name":"wp","href":"https:\/\/api.w.org\/{rel}","templated":true}]}}